{"id":607,"date":"2018-01-26T20:49:50","date_gmt":"2018-01-26T20:49:50","guid":{"rendered":"https:\/\/gasthofstmartin.ch\/?page_id=607"},"modified":"2025-09-02T13:27:41","modified_gmt":"2025-09-02T13:27:41","slug":"reserver-une-table-en-ligne","status":"publish","type":"page","link":"https:\/\/gasthofstmartin.ch\/fr\/online-tisch-reservieren\/","title":{"rendered":"R\u00e9server une table en ligne"},"content":{"rendered":"<div id=\"pl-607\"  class=\"panel-layout\" ><div id=\"pg-607-0\"  class=\"panel-grid panel-has-style\" ><div class=\"paraheight siteorigin-panels-stretch panel-row-style panel-row-style-for-607-0\" data-stretch-type=\"full\" ><div id=\"pgc-607-0-0\"  class=\"panel-grid-cell panel-grid-cell-empty\" ><\/div><div id=\"pgc-607-0-1\"  class=\"panel-grid-cell panel-grid-cell-mobile-last\" ><div id=\"panel-607-0-1-0\" class=\"so-panel widget widget_sow-headline panel-first-child\" data-index=\"0\" ><div class=\"wow bounceInUp panel-widget-style panel-widget-style-for-607-0-1-0\" data-wow-duration=\"1s\" data-wow-offset=\"10\" data-wow-iteration=\"1\" id=\"hier\" ><div\n\t\t\t\n\t\t\tclass=\"so-widget-sow-headline so-widget-sow-headline-default-4e8ee4c9fd24-607 so-widget-fittext-wrapper\"\n\t\t\t data-fit-text-compressor=\"0.85\"\n\t\t><div class=\"sow-headline-container\">\n\t\t\t\t\t\t\t<h1 class=\"sow-headline\">\n\t\t\t\t\t\tR\u00e9servez maintenant !\t\t\t\t\t\t<\/h1>\n\t\t\t\t\t\t\t\t\t\t\t\t<h3 class=\"sow-sub-headline\">\n\t\t\t\t\t\tDu lundi au vendredi\t\t\t\t\t\t<\/h3>\n\t\t\t\t\t\t\t\t\t\t\t<div class=\"decoration\">\n\t\t\t\t\t\t<div class=\"decoration-inside\"><\/div>\n\t\t\t\t\t<\/div>\n\t\t\t\t\t<\/div>\n<\/div><\/div><\/div><div id=\"panel-607-0-1-1\" class=\"so-panel widget widget_sow-editor panel-last-child\" data-index=\"1\" ><div class=\"panel-widget-style panel-widget-style-for-607-0-1-1\" ><div\n\t\t\t\n\t\t\tclass=\"so-widget-sow-editor so-widget-sow-editor-base\"\n\t\t\t\n\t\t>\n<div class=\"siteorigin-widget-tinymce textwidget\">\n\t<h2 class=\"siteorigin-widget-tinymce textwidget\" style=\"text-align: center; color: #fff;\">R\u00e9servez d\u00e8s maintenant au restaurant Gasthof St.Martin. Afin que vous puissiez obtenir la place de votre choix, vous pouvez d\u00e9j\u00e0 r\u00e9server chez nous \u00e0 l'avance. Nous acceptons volontiers vos r\u00e9servations par t\u00e9l\u00e9phone ou par e-mail.<br \/>\n<strong>T\u00e9l :<\/strong> 026 494 53 13<\/h2>\n<\/div>\n<\/div><\/div><\/div><\/div><div id=\"pgc-607-0-2\"  class=\"panel-grid-cell panel-grid-cell-empty\" ><\/div><\/div><\/div><div id=\"pg-607-1\"  class=\"panel-grid panel-has-style\" ><div class=\"siteorigin-panels-stretch panel-row-style panel-row-style-for-607-1\" data-stretch-type=\"full\" ><div id=\"pgc-607-1-0\"  class=\"panel-grid-cell\" ><div id=\"panel-607-1-0-0\" class=\"so-panel widget widget_media_image panel-first-child panel-last-child\" data-index=\"2\" ><img loading=\"lazy\" decoding=\"async\" width=\"769\" height=\"400\" src=\"https:\/\/gasthofstmartin.ch\/wp-content\/uploads\/2018\/07\/home-8.jpg\" class=\"image wp-image-1905  attachment-full size-full\" alt=\"\" style=\"max-width: 100%; height: auto;\" srcset=\"https:\/\/gasthofstmartin.ch\/wp-content\/uploads\/2018\/07\/home-8.jpg 769w, https:\/\/gasthofstmartin.ch\/wp-content\/uploads\/2018\/07\/home-8-300x156.jpg 300w, https:\/\/gasthofstmartin.ch\/wp-content\/uploads\/2018\/07\/home-8-768x399.jpg 768w\" sizes=\"auto, (max-width: 769px) 100vw, 769px\" \/><\/div><\/div><div id=\"pgc-607-1-1\"  class=\"panel-grid-cell\" ><div id=\"panel-607-1-1-0\" class=\"so-panel widget widget_media_image panel-first-child panel-last-child\" data-index=\"3\" ><img loading=\"lazy\" decoding=\"async\" width=\"769\" height=\"400\" src=\"https:\/\/gasthofstmartin.ch\/wp-content\/uploads\/2018\/07\/home-4.jpg\" class=\"image wp-image-1906  attachment-full size-full\" alt=\"\" style=\"max-width: 100%; height: auto;\" srcset=\"https:\/\/gasthofstmartin.ch\/wp-content\/uploads\/2018\/07\/home-4.jpg 769w, https:\/\/gasthofstmartin.ch\/wp-content\/uploads\/2018\/07\/home-4-300x156.jpg 300w, https:\/\/gasthofstmartin.ch\/wp-content\/uploads\/2018\/07\/home-4-768x399.jpg 768w\" sizes=\"auto, (max-width: 769px) 100vw, 769px\" \/><\/div><\/div><div id=\"pgc-607-1-2\"  class=\"panel-grid-cell\" ><div id=\"panel-607-1-2-0\" class=\"so-panel widget widget_media_image panel-first-child panel-last-child\" data-index=\"4\" ><img loading=\"lazy\" decoding=\"async\" width=\"769\" height=\"400\" src=\"https:\/\/gasthofstmartin.ch\/wp-content\/uploads\/2022\/11\/salle-1.jpg\" class=\"image wp-image-2609  attachment-full size-full\" alt=\"Auberge St. Martin Salle\" style=\"max-width: 100%; height: auto;\" srcset=\"https:\/\/gasthofstmartin.ch\/wp-content\/uploads\/2022\/11\/salle-1.jpg 769w, https:\/\/gasthofstmartin.ch\/wp-content\/uploads\/2022\/11\/salle-1-300x156.jpg 300w\" sizes=\"auto, (max-width: 769px) 100vw, 769px\" \/><\/div><\/div><\/div><\/div><div id=\"pg-607-2\"  class=\"panel-grid panel-has-style\" ><div class=\"siteorigin-panels-stretch panel-row-style panel-row-style-for-607-2\" data-stretch-type=\"full\" ><div id=\"pgc-607-2-0\"  class=\"panel-grid-cell\" ><div id=\"panel-607-2-0-0\" class=\"so-panel widget widget_media_image panel-first-child panel-last-child\" data-index=\"5\" ><img loading=\"lazy\" decoding=\"async\" width=\"800\" height=\"600\" src=\"https:\/\/gasthofstmartin.ch\/wp-content\/uploads\/2022\/11\/salle-2a.jpg\" class=\"image wp-image-2634  attachment-full size-full\" alt=\"\" style=\"max-width: 100%; height: auto;\" srcset=\"https:\/\/gasthofstmartin.ch\/wp-content\/uploads\/2022\/11\/salle-2a.jpg 800w, https:\/\/gasthofstmartin.ch\/wp-content\/uploads\/2022\/11\/salle-2a-300x225.jpg 300w, https:\/\/gasthofstmartin.ch\/wp-content\/uploads\/2022\/11\/salle-2a-768x576.jpg 768w\" sizes=\"auto, (max-width: 800px) 100vw, 800px\" \/><\/div><\/div><div id=\"pgc-607-2-1\"  class=\"panel-grid-cell\" ><div id=\"panel-607-2-1-0\" class=\"so-panel widget widget_media_image panel-first-child panel-last-child\" data-index=\"6\" ><img loading=\"lazy\" decoding=\"async\" width=\"800\" height=\"600\" src=\"https:\/\/gasthofstmartin.ch\/wp-content\/uploads\/2022\/11\/salle-3a.jpg\" class=\"image wp-image-2635  attachment-full size-full\" alt=\"\" style=\"max-width: 100%; height: auto;\" srcset=\"https:\/\/gasthofstmartin.ch\/wp-content\/uploads\/2022\/11\/salle-3a.jpg 800w, https:\/\/gasthofstmartin.ch\/wp-content\/uploads\/2022\/11\/salle-3a-300x225.jpg 300w, https:\/\/gasthofstmartin.ch\/wp-content\/uploads\/2022\/11\/salle-3a-768x576.jpg 768w\" sizes=\"auto, (max-width: 800px) 100vw, 800px\" \/><\/div><\/div><\/div><\/div><div id=\"pg-607-3\"  class=\"panel-grid panel-has-style\" ><div class=\"siteorigin-panels-stretch panel-row-style panel-row-style-for-607-3\" data-stretch-type=\"full\" ><div id=\"pgc-607-3-0\"  class=\"panel-grid-cell\" ><div id=\"panel-607-3-0-0\" class=\"so-panel widget widget_media_image panel-first-child panel-last-child\" data-index=\"7\" ><img loading=\"lazy\" decoding=\"async\" width=\"1920\" height=\"2560\" src=\"https:\/\/gasthofstmartin.ch\/wp-content\/uploads\/2025\/09\/IMG-20250902-WA0012-scaled.jpg\" class=\"image wp-image-2884  attachment-full size-full\" alt=\"\" style=\"max-width: 100%; height: auto;\" srcset=\"https:\/\/gasthofstmartin.ch\/wp-content\/uploads\/2025\/09\/IMG-20250902-WA0012-scaled.jpg 1920w, https:\/\/gasthofstmartin.ch\/wp-content\/uploads\/2025\/09\/IMG-20250902-WA0012-225x300.jpg 225w, https:\/\/gasthofstmartin.ch\/wp-content\/uploads\/2025\/09\/IMG-20250902-WA0012-768x1024.jpg 768w, https:\/\/gasthofstmartin.ch\/wp-content\/uploads\/2025\/09\/IMG-20250902-WA0012-1152x1536.jpg 1152w, https:\/\/gasthofstmartin.ch\/wp-content\/uploads\/2025\/09\/IMG-20250902-WA0012-1536x2048.jpg 1536w, https:\/\/gasthofstmartin.ch\/wp-content\/uploads\/2025\/09\/IMG-20250902-WA0012-9x12.jpg 9w\" sizes=\"auto, (max-width: 1920px) 100vw, 1920px\" \/><\/div><\/div><div id=\"pgc-607-3-1\"  class=\"panel-grid-cell\" ><div id=\"panel-607-3-1-0\" class=\"so-panel widget widget_media_image panel-first-child panel-last-child\" data-index=\"8\" ><img loading=\"lazy\" decoding=\"async\" width=\"1920\" height=\"2560\" src=\"https:\/\/gasthofstmartin.ch\/wp-content\/uploads\/2025\/09\/IMG-20250902-WA0013-scaled.jpg\" class=\"image wp-image-2885  attachment-full size-full\" alt=\"\" style=\"max-width: 100%; height: auto;\" srcset=\"https:\/\/gasthofstmartin.ch\/wp-content\/uploads\/2025\/09\/IMG-20250902-WA0013-scaled.jpg 1920w, https:\/\/gasthofstmartin.ch\/wp-content\/uploads\/2025\/09\/IMG-20250902-WA0013-225x300.jpg 225w, https:\/\/gasthofstmartin.ch\/wp-content\/uploads\/2025\/09\/IMG-20250902-WA0013-768x1024.jpg 768w, https:\/\/gasthofstmartin.ch\/wp-content\/uploads\/2025\/09\/IMG-20250902-WA0013-1152x1536.jpg 1152w, https:\/\/gasthofstmartin.ch\/wp-content\/uploads\/2025\/09\/IMG-20250902-WA0013-1536x2048.jpg 1536w, https:\/\/gasthofstmartin.ch\/wp-content\/uploads\/2025\/09\/IMG-20250902-WA0013-9x12.jpg 9w\" sizes=\"auto, (max-width: 1920px) 100vw, 1920px\" \/><\/div><\/div><div id=\"pgc-607-3-2\"  class=\"panel-grid-cell\" ><div id=\"panel-607-3-2-0\" class=\"so-panel widget widget_media_image panel-first-child panel-last-child\" data-index=\"9\" ><img loading=\"lazy\" decoding=\"async\" width=\"1920\" height=\"2560\" src=\"https:\/\/gasthofstmartin.ch\/wp-content\/uploads\/2025\/09\/IMG-20250902-WA0014-scaled.jpg\" class=\"image wp-image-2886  attachment-full size-full\" alt=\"\" style=\"max-width: 100%; height: auto;\" srcset=\"https:\/\/gasthofstmartin.ch\/wp-content\/uploads\/2025\/09\/IMG-20250902-WA0014-scaled.jpg 1920w, https:\/\/gasthofstmartin.ch\/wp-content\/uploads\/2025\/09\/IMG-20250902-WA0014-225x300.jpg 225w, https:\/\/gasthofstmartin.ch\/wp-content\/uploads\/2025\/09\/IMG-20250902-WA0014-768x1024.jpg 768w, https:\/\/gasthofstmartin.ch\/wp-content\/uploads\/2025\/09\/IMG-20250902-WA0014-1152x1536.jpg 1152w, https:\/\/gasthofstmartin.ch\/wp-content\/uploads\/2025\/09\/IMG-20250902-WA0014-1536x2048.jpg 1536w, https:\/\/gasthofstmartin.ch\/wp-content\/uploads\/2025\/09\/IMG-20250902-WA0014-9x12.jpg 9w\" sizes=\"auto, (max-width: 1920px) 100vw, 1920px\" \/><\/div><\/div><\/div><\/div><div id=\"pg-607-4\"  class=\"panel-grid panel-has-style\" ><div class=\"siteorigin-panels-stretch panel-row-style panel-row-style-for-607-4\" data-stretch-type=\"full\" ><div id=\"pgc-607-4-0\"  class=\"panel-grid-cell\" ><div id=\"panel-607-4-0-0\" class=\"so-panel widget widget_media_image panel-first-child panel-last-child\" data-index=\"10\" ><img loading=\"lazy\" decoding=\"async\" width=\"1920\" height=\"2560\" src=\"https:\/\/gasthofstmartin.ch\/wp-content\/uploads\/2025\/09\/IMG-20250902-WA0015-scaled.jpg\" class=\"image wp-image-2887  attachment-full size-full\" alt=\"\" style=\"max-width: 100%; height: auto;\" srcset=\"https:\/\/gasthofstmartin.ch\/wp-content\/uploads\/2025\/09\/IMG-20250902-WA0015-scaled.jpg 1920w, https:\/\/gasthofstmartin.ch\/wp-content\/uploads\/2025\/09\/IMG-20250902-WA0015-225x300.jpg 225w, https:\/\/gasthofstmartin.ch\/wp-content\/uploads\/2025\/09\/IMG-20250902-WA0015-768x1024.jpg 768w, https:\/\/gasthofstmartin.ch\/wp-content\/uploads\/2025\/09\/IMG-20250902-WA0015-1152x1536.jpg 1152w, https:\/\/gasthofstmartin.ch\/wp-content\/uploads\/2025\/09\/IMG-20250902-WA0015-1536x2048.jpg 1536w, https:\/\/gasthofstmartin.ch\/wp-content\/uploads\/2025\/09\/IMG-20250902-WA0015-9x12.jpg 9w\" sizes=\"auto, (max-width: 1920px) 100vw, 1920px\" \/><\/div><\/div><div id=\"pgc-607-4-1\"  class=\"panel-grid-cell\" ><div id=\"panel-607-4-1-0\" class=\"so-panel widget widget_media_image panel-first-child panel-last-child\" data-index=\"11\" ><img loading=\"lazy\" decoding=\"async\" width=\"1920\" height=\"2560\" src=\"https:\/\/gasthofstmartin.ch\/wp-content\/uploads\/2025\/09\/IMG-20250902-WA0016-scaled.jpg\" class=\"image wp-image-2888  attachment-full size-full\" alt=\"\" style=\"max-width: 100%; height: auto;\" srcset=\"https:\/\/gasthofstmartin.ch\/wp-content\/uploads\/2025\/09\/IMG-20250902-WA0016-scaled.jpg 1920w, https:\/\/gasthofstmartin.ch\/wp-content\/uploads\/2025\/09\/IMG-20250902-WA0016-225x300.jpg 225w, https:\/\/gasthofstmartin.ch\/wp-content\/uploads\/2025\/09\/IMG-20250902-WA0016-768x1024.jpg 768w, https:\/\/gasthofstmartin.ch\/wp-content\/uploads\/2025\/09\/IMG-20250902-WA0016-1152x1536.jpg 1152w, https:\/\/gasthofstmartin.ch\/wp-content\/uploads\/2025\/09\/IMG-20250902-WA0016-1536x2048.jpg 1536w, https:\/\/gasthofstmartin.ch\/wp-content\/uploads\/2025\/09\/IMG-20250902-WA0016-9x12.jpg 9w\" sizes=\"auto, (max-width: 1920px) 100vw, 1920px\" \/><\/div><\/div><div id=\"pgc-607-4-2\"  class=\"panel-grid-cell\" ><div id=\"panel-607-4-2-0\" class=\"so-panel widget widget_media_image panel-first-child panel-last-child\" data-index=\"12\" ><img loading=\"lazy\" decoding=\"async\" width=\"1920\" height=\"2560\" src=\"https:\/\/gasthofstmartin.ch\/wp-content\/uploads\/2025\/09\/IMG-20250902-WA0017-scaled.jpg\" class=\"image wp-image-2889  attachment-full size-full\" alt=\"\" style=\"max-width: 100%; height: auto;\" srcset=\"https:\/\/gasthofstmartin.ch\/wp-content\/uploads\/2025\/09\/IMG-20250902-WA0017-scaled.jpg 1920w, https:\/\/gasthofstmartin.ch\/wp-content\/uploads\/2025\/09\/IMG-20250902-WA0017-225x300.jpg 225w, https:\/\/gasthofstmartin.ch\/wp-content\/uploads\/2025\/09\/IMG-20250902-WA0017-768x1024.jpg 768w, https:\/\/gasthofstmartin.ch\/wp-content\/uploads\/2025\/09\/IMG-20250902-WA0017-1152x1536.jpg 1152w, https:\/\/gasthofstmartin.ch\/wp-content\/uploads\/2025\/09\/IMG-20250902-WA0017-1536x2048.jpg 1536w, https:\/\/gasthofstmartin.ch\/wp-content\/uploads\/2025\/09\/IMG-20250902-WA0017-9x12.jpg 9w\" sizes=\"auto, (max-width: 1920px) 100vw, 1920px\" \/><\/div><\/div><\/div><\/div><div id=\"pg-607-5\"  class=\"panel-grid panel-has-style\" ><div class=\"siteorigin-panels-stretch panel-row-style panel-row-style-for-607-5\" data-stretch-type=\"full\" ><div id=\"pgc-607-5-0\"  class=\"panel-grid-cell\" ><div id=\"panel-607-5-0-0\" class=\"so-panel widget widget_media_image panel-first-child panel-last-child\" data-index=\"13\" ><img loading=\"lazy\" decoding=\"async\" width=\"1920\" height=\"2560\" src=\"https:\/\/gasthofstmartin.ch\/wp-content\/uploads\/2025\/09\/IMG-20250902-WA0018-scaled.jpg\" class=\"image wp-image-2890  attachment-full size-full\" alt=\"\" style=\"max-width: 100%; height: auto;\" srcset=\"https:\/\/gasthofstmartin.ch\/wp-content\/uploads\/2025\/09\/IMG-20250902-WA0018-scaled.jpg 1920w, https:\/\/gasthofstmartin.ch\/wp-content\/uploads\/2025\/09\/IMG-20250902-WA0018-225x300.jpg 225w, https:\/\/gasthofstmartin.ch\/wp-content\/uploads\/2025\/09\/IMG-20250902-WA0018-768x1024.jpg 768w, https:\/\/gasthofstmartin.ch\/wp-content\/uploads\/2025\/09\/IMG-20250902-WA0018-1152x1536.jpg 1152w, https:\/\/gasthofstmartin.ch\/wp-content\/uploads\/2025\/09\/IMG-20250902-WA0018-1536x2048.jpg 1536w, https:\/\/gasthofstmartin.ch\/wp-content\/uploads\/2025\/09\/IMG-20250902-WA0018-9x12.jpg 9w\" sizes=\"auto, (max-width: 1920px) 100vw, 1920px\" \/><\/div><\/div><div id=\"pgc-607-5-1\"  class=\"panel-grid-cell\" ><div id=\"panel-607-5-1-0\" class=\"so-panel widget widget_media_image panel-first-child panel-last-child\" data-index=\"14\" ><img loading=\"lazy\" decoding=\"async\" width=\"1920\" height=\"2560\" src=\"https:\/\/gasthofstmartin.ch\/wp-content\/uploads\/2025\/09\/IMG-20250902-WA0019-scaled.jpg\" class=\"image wp-image-2891  attachment-full size-full\" alt=\"\" style=\"max-width: 100%; height: auto;\" srcset=\"https:\/\/gasthofstmartin.ch\/wp-content\/uploads\/2025\/09\/IMG-20250902-WA0019-scaled.jpg 1920w, https:\/\/gasthofstmartin.ch\/wp-content\/uploads\/2025\/09\/IMG-20250902-WA0019-225x300.jpg 225w, https:\/\/gasthofstmartin.ch\/wp-content\/uploads\/2025\/09\/IMG-20250902-WA0019-768x1024.jpg 768w, https:\/\/gasthofstmartin.ch\/wp-content\/uploads\/2025\/09\/IMG-20250902-WA0019-1152x1536.jpg 1152w, https:\/\/gasthofstmartin.ch\/wp-content\/uploads\/2025\/09\/IMG-20250902-WA0019-1536x2048.jpg 1536w, https:\/\/gasthofstmartin.ch\/wp-content\/uploads\/2025\/09\/IMG-20250902-WA0019-9x12.jpg 9w\" sizes=\"auto, (max-width: 1920px) 100vw, 1920px\" \/><\/div><\/div><div id=\"pgc-607-5-2\"  class=\"panel-grid-cell\" ><div id=\"panel-607-5-2-0\" class=\"so-panel widget widget_media_image panel-first-child panel-last-child\" data-index=\"15\" ><img loading=\"lazy\" decoding=\"async\" width=\"1920\" height=\"2560\" src=\"https:\/\/gasthofstmartin.ch\/wp-content\/uploads\/2025\/09\/IMG-20250902-WA0020-scaled.jpg\" class=\"image wp-image-2892  attachment-full size-full\" alt=\"\" style=\"max-width: 100%; height: auto;\" srcset=\"https:\/\/gasthofstmartin.ch\/wp-content\/uploads\/2025\/09\/IMG-20250902-WA0020-scaled.jpg 1920w, https:\/\/gasthofstmartin.ch\/wp-content\/uploads\/2025\/09\/IMG-20250902-WA0020-225x300.jpg 225w, https:\/\/gasthofstmartin.ch\/wp-content\/uploads\/2025\/09\/IMG-20250902-WA0020-768x1024.jpg 768w, https:\/\/gasthofstmartin.ch\/wp-content\/uploads\/2025\/09\/IMG-20250902-WA0020-1152x1536.jpg 1152w, https:\/\/gasthofstmartin.ch\/wp-content\/uploads\/2025\/09\/IMG-20250902-WA0020-1536x2048.jpg 1536w, https:\/\/gasthofstmartin.ch\/wp-content\/uploads\/2025\/09\/IMG-20250902-WA0020-9x12.jpg 9w\" sizes=\"auto, (max-width: 1920px) 100vw, 1920px\" \/><\/div><\/div><\/div><\/div><div id=\"pg-607-6\"  class=\"panel-grid panel-has-style\" ><div class=\"siteorigin-panels-stretch panel-row-style panel-row-style-for-607-6\" data-stretch-type=\"full\" ><div id=\"pgc-607-6-0\"  class=\"panel-grid-cell\" ><div id=\"panel-607-6-0-0\" class=\"so-panel widget widget_media_image panel-first-child panel-last-child\" data-index=\"16\" ><img loading=\"lazy\" decoding=\"async\" width=\"1920\" height=\"2560\" src=\"https:\/\/gasthofstmartin.ch\/wp-content\/uploads\/2025\/09\/IMG-20250902-WA0021-scaled.jpg\" class=\"image wp-image-2893  attachment-full size-full\" alt=\"\" style=\"max-width: 100%; height: auto;\" srcset=\"https:\/\/gasthofstmartin.ch\/wp-content\/uploads\/2025\/09\/IMG-20250902-WA0021-scaled.jpg 1920w, https:\/\/gasthofstmartin.ch\/wp-content\/uploads\/2025\/09\/IMG-20250902-WA0021-225x300.jpg 225w, https:\/\/gasthofstmartin.ch\/wp-content\/uploads\/2025\/09\/IMG-20250902-WA0021-768x1024.jpg 768w, https:\/\/gasthofstmartin.ch\/wp-content\/uploads\/2025\/09\/IMG-20250902-WA0021-1152x1536.jpg 1152w, https:\/\/gasthofstmartin.ch\/wp-content\/uploads\/2025\/09\/IMG-20250902-WA0021-1536x2048.jpg 1536w, https:\/\/gasthofstmartin.ch\/wp-content\/uploads\/2025\/09\/IMG-20250902-WA0021-9x12.jpg 9w\" sizes=\"auto, (max-width: 1920px) 100vw, 1920px\" \/><\/div><\/div><div id=\"pgc-607-6-1\"  class=\"panel-grid-cell\" ><div id=\"panel-607-6-1-0\" class=\"so-panel widget widget_media_image panel-first-child panel-last-child\" data-index=\"17\" ><img loading=\"lazy\" decoding=\"async\" width=\"1920\" height=\"2560\" src=\"https:\/\/gasthofstmartin.ch\/wp-content\/uploads\/2025\/09\/IMG-20250902-WA0022-scaled.jpg\" class=\"image wp-image-2894  attachment-full size-full\" alt=\"\" style=\"max-width: 100%; height: auto;\" srcset=\"https:\/\/gasthofstmartin.ch\/wp-content\/uploads\/2025\/09\/IMG-20250902-WA0022-scaled.jpg 1920w, https:\/\/gasthofstmartin.ch\/wp-content\/uploads\/2025\/09\/IMG-20250902-WA0022-225x300.jpg 225w, https:\/\/gasthofstmartin.ch\/wp-content\/uploads\/2025\/09\/IMG-20250902-WA0022-768x1024.jpg 768w, https:\/\/gasthofstmartin.ch\/wp-content\/uploads\/2025\/09\/IMG-20250902-WA0022-1152x1536.jpg 1152w, https:\/\/gasthofstmartin.ch\/wp-content\/uploads\/2025\/09\/IMG-20250902-WA0022-1536x2048.jpg 1536w, https:\/\/gasthofstmartin.ch\/wp-content\/uploads\/2025\/09\/IMG-20250902-WA0022-9x12.jpg 9w\" sizes=\"auto, (max-width: 1920px) 100vw, 1920px\" \/><\/div><\/div><div id=\"pgc-607-6-2\"  class=\"panel-grid-cell\" ><div id=\"panel-607-6-2-0\" class=\"so-panel widget widget_media_image panel-first-child panel-last-child\" data-index=\"18\" ><img loading=\"lazy\" decoding=\"async\" width=\"1920\" height=\"2560\" src=\"https:\/\/gasthofstmartin.ch\/wp-content\/uploads\/2025\/09\/IMG-20250902-WA0023-scaled.jpg\" class=\"image wp-image-2895  attachment-full size-full\" alt=\"\" style=\"max-width: 100%; height: auto;\" srcset=\"https:\/\/gasthofstmartin.ch\/wp-content\/uploads\/2025\/09\/IMG-20250902-WA0023-scaled.jpg 1920w, https:\/\/gasthofstmartin.ch\/wp-content\/uploads\/2025\/09\/IMG-20250902-WA0023-225x300.jpg 225w, https:\/\/gasthofstmartin.ch\/wp-content\/uploads\/2025\/09\/IMG-20250902-WA0023-768x1024.jpg 768w, https:\/\/gasthofstmartin.ch\/wp-content\/uploads\/2025\/09\/IMG-20250902-WA0023-1152x1536.jpg 1152w, https:\/\/gasthofstmartin.ch\/wp-content\/uploads\/2025\/09\/IMG-20250902-WA0023-1536x2048.jpg 1536w, https:\/\/gasthofstmartin.ch\/wp-content\/uploads\/2025\/09\/IMG-20250902-WA0023-9x12.jpg 9w\" sizes=\"auto, (max-width: 1920px) 100vw, 1920px\" \/><\/div><\/div><\/div><\/div><div id=\"pg-607-7\"  class=\"panel-grid panel-has-style\" ><div class=\"siteorigin-panels-stretch panel-row-style panel-row-style-for-607-7\" data-stretch-type=\"full\" ><div id=\"pgc-607-7-0\"  class=\"panel-grid-cell\" ><div id=\"panel-607-7-0-0\" class=\"so-panel widget widget_media_image panel-first-child panel-last-child\" data-index=\"19\" ><img loading=\"lazy\" decoding=\"async\" width=\"1920\" height=\"2560\" src=\"https:\/\/gasthofstmartin.ch\/wp-content\/uploads\/2025\/09\/IMG-20250902-WA0024-scaled.jpg\" class=\"image wp-image-2896  attachment-full size-full\" alt=\"\" style=\"max-width: 100%; height: auto;\" srcset=\"https:\/\/gasthofstmartin.ch\/wp-content\/uploads\/2025\/09\/IMG-20250902-WA0024-scaled.jpg 1920w, https:\/\/gasthofstmartin.ch\/wp-content\/uploads\/2025\/09\/IMG-20250902-WA0024-225x300.jpg 225w, https:\/\/gasthofstmartin.ch\/wp-content\/uploads\/2025\/09\/IMG-20250902-WA0024-768x1024.jpg 768w, https:\/\/gasthofstmartin.ch\/wp-content\/uploads\/2025\/09\/IMG-20250902-WA0024-1152x1536.jpg 1152w, https:\/\/gasthofstmartin.ch\/wp-content\/uploads\/2025\/09\/IMG-20250902-WA0024-1536x2048.jpg 1536w, https:\/\/gasthofstmartin.ch\/wp-content\/uploads\/2025\/09\/IMG-20250902-WA0024-9x12.jpg 9w\" sizes=\"auto, (max-width: 1920px) 100vw, 1920px\" \/><\/div><\/div><div id=\"pgc-607-7-1\"  class=\"panel-grid-cell panel-grid-cell-empty panel-grid-cell-mobile-last\" ><\/div><div id=\"pgc-607-7-2\"  class=\"panel-grid-cell panel-grid-cell-empty\" ><\/div><\/div><\/div><\/div>","protected":false},"excerpt":{"rendered":"<p>R\u00e9servez d\u00e8s maintenant au restaurant Gasthof St.Martin. Afin que vous puissiez obtenir la place de votre choix, vous pouvez d\u00e9j\u00e0 r\u00e9server \u00e0 l'avance chez nous. Nous acceptons volontiers vos r\u00e9servations par t\u00e9l\u00e9phone ou par e-mail au 026 494 53 13.<\/p>","protected":false},"author":3,"featured_media":0,"parent":0,"menu_order":0,"comment_status":"closed","ping_status":"closed","template":"fullwidth.php","meta":{"footnotes":""},"class_list":["post-607","page","type-page","status-publish","hentry"],"_links":{"self":[{"href":"https:\/\/gasthofstmartin.ch\/fr\/wp-json\/wp\/v2\/pages\/607","targetHints":{"allow":["GET"]}}],"collection":[{"href":"https:\/\/gasthofstmartin.ch\/fr\/wp-json\/wp\/v2\/pages"}],"about":[{"href":"https:\/\/gasthofstmartin.ch\/fr\/wp-json\/wp\/v2\/types\/page"}],"author":[{"embeddable":true,"href":"https:\/\/gasthofstmartin.ch\/fr\/wp-json\/wp\/v2\/users\/3"}],"replies":[{"embeddable":true,"href":"https:\/\/gasthofstmartin.ch\/fr\/wp-json\/wp\/v2\/comments?post=607"}],"version-history":[{"count":16,"href":"https:\/\/gasthofstmartin.ch\/fr\/wp-json\/wp\/v2\/pages\/607\/revisions"}],"predecessor-version":[{"id":2897,"href":"https:\/\/gasthofstmartin.ch\/fr\/wp-json\/wp\/v2\/pages\/607\/revisions\/2897"}],"wp:attachment":[{"href":"https:\/\/gasthofstmartin.ch\/fr\/wp-json\/wp\/v2\/media?parent=607"}],"curies":[{"name":"wp","href":"https:\/\/api.w.org\/{rel}","templated":true}]}}