{"id":528,"date":"2018-01-26T19:46:27","date_gmt":"2018-01-26T19:46:27","guid":{"rendered":"https:\/\/gasthofstmartin.ch\/?page_id=528"},"modified":"2021-07-11T06:23:56","modified_gmt":"2021-07-11T06:23:56","slug":"lequipe-2","status":"publish","type":"page","link":"https:\/\/gasthofstmartin.ch\/fr\/das-team\/","title":{"rendered":"l'\u00e9quipe"},"content":{"rendered":"<div id=\"pl-528\"  class=\"panel-layout\" ><div id=\"pg-528-0\"  class=\"panel-grid panel-has-style\" ><div class=\"paraheight siteorigin-panels-stretch panel-row-style panel-row-style-for-528-0\" data-stretch-type=\"full-stretched-padded\" ><div id=\"pgc-528-0-0\"  class=\"panel-grid-cell\" ><div id=\"panel-528-0-0-0\" class=\"so-panel widget widget_sow-image panel-first-child panel-last-child\" data-index=\"0\" ><div class=\"wow bounceInLeft panel-widget-style panel-widget-style-for-528-0-0-0\" data-wow-offset=\"10\" data-wow-iteration=\"1\" ><div\n\t\t\t\n\t\t\tclass=\"so-widget-sow-image so-widget-sow-image-default-c67d20f9f743-528\"\n\t\t\t\n\t\t>\n<div class=\"sow-image-container\">\n\t\t<img \n\tsrc=\"https:\/\/gasthofstmartin.ch\/wp-content\/uploads\/2018\/07\/toni-xs.png\" width=\"217\" height=\"340\" srcset=\"https:\/\/gasthofstmartin.ch\/wp-content\/uploads\/2018\/07\/toni-xs.png 217w, https:\/\/gasthofstmartin.ch\/wp-content\/uploads\/2018\/07\/toni-xs-191x300.png 191w\" sizes=\"(max-width: 217px) 100vw, 217px\" alt=\"\" \t\tclass=\"so-widget-image\"\/>\n\t<\/div>\n\n<\/div><\/div><\/div><\/div><\/div><\/div><div id=\"pg-528-1\"  class=\"panel-grid panel-has-style\" ><div id=\"textospecial\" class=\"panel-row-style panel-row-style-for-528-1\" ><div id=\"pgc-528-1-0\"  class=\"panel-grid-cell panel-grid-cell-empty\" ><\/div><div id=\"pgc-528-1-1\"  class=\"panel-grid-cell panel-grid-cell-mobile-last\" ><div id=\"panel-528-1-1-0\" class=\"so-panel widget widget_sow-headline panel-first-child\" data-index=\"1\" ><div id=\"hier\" class=\"panel-widget-style panel-widget-style-for-528-1-1-0\" ><div\n\t\t\t\n\t\t\tclass=\"so-widget-sow-headline so-widget-sow-headline-default-b88330945b56-528 so-widget-fittext-wrapper\"\n\t\t\t data-fit-text-compressor=\"0.85\"\n\t\t><div class=\"sow-headline-container\">\n\t\t\t\t\t\t\t<h1 class=\"sow-headline\">\n\t\t\t\t\t\tL'\u00e9quipe\t\t\t\t\t\t<\/h1>\n\t\t\t\t\t\t\t\t\t\t\t\t<h3 class=\"sow-sub-headline\">\n\t\t\t\t\t\tDirecteur g\u00e9n\u00e9ral\t\t\t\t\t\t<\/h3>\n\t\t\t\t\t\t\t\t\t\t\t<div class=\"decoration\">\n\t\t\t\t\t\t<div class=\"decoration-inside\"><\/div>\n\t\t\t\t\t<\/div>\n\t\t\t\t\t<\/div>\n<\/div><\/div><\/div><div id=\"panel-528-1-1-1\" class=\"so-panel widget widget_sow-editor\" data-index=\"2\" ><div\n\t\t\t\n\t\t\tclass=\"so-widget-sow-editor so-widget-sow-editor-base\"\n\t\t\t\n\t\t>\n<div class=\"siteorigin-widget-tinymce textwidget\">\n\t<h2 style=\"text-align: center;\">Toni et Linda sont les g\u00e9rants du restaurant Gasthof St. Martin. Avec notre \u00e9quipe, nous essayons chaque jour de donner le meilleur de nous-m\u00eames, pour vous.<\/h2>\n<h2 style=\"text-align: center;\">Nous aimons le contact avec nos h\u00f4tes et il nous tient \u00e0 c\u0153ur de pouvoir les satisfaire pleinement.<\/h2>\n<\/div>\n<\/div><\/div><div id=\"panel-528-1-1-2\" class=\"so-panel widget widget_sow-image panel-last-child\" data-index=\"3\" ><div class=\"panel-widget-style panel-widget-style-for-528-1-1-2\" ><div\n\t\t\t\n\t\t\tclass=\"so-widget-sow-image so-widget-sow-image-default-c67d20f9f743-528\"\n\t\t\t\n\t\t>\n<div class=\"sow-image-container\">\n\t\t<img \n\tsrc=\"https:\/\/gasthofstmartin.ch\/wp-content\/uploads\/2018\/01\/deco.png\" width=\"117\" height=\"36\" sizes=\"(max-width: 117px) 100vw, 117px\" alt=\"\" \t\tclass=\"so-widget-image\"\/>\n\t<\/div>\n\n<\/div><\/div><\/div><\/div><div id=\"pgc-528-1-2\"  class=\"panel-grid-cell panel-grid-cell-empty\" ><\/div><\/div><\/div><div id=\"pg-528-2\"  class=\"panel-grid panel-has-style\" ><div class=\"siteorigin-panels-stretch panel-row-style panel-row-style-for-528-2\" data-stretch-type=\"full\" ><div id=\"pgc-528-2-0\"  class=\"panel-grid-cell\" ><div id=\"panel-528-2-0-0\" class=\"so-panel widget widget_media_image panel-first-child panel-last-child\" data-index=\"4\" ><img loading=\"lazy\" decoding=\"async\" width=\"769\" height=\"400\" src=\"https:\/\/gasthofstmartin.ch\/wp-content\/uploads\/2018\/07\/home-7.jpg\" class=\"image wp-image-1887  attachment-full size-full\" alt=\"\" style=\"max-width: 100%; height: auto;\" srcset=\"https:\/\/gasthofstmartin.ch\/wp-content\/uploads\/2018\/07\/home-7.jpg 769w, https:\/\/gasthofstmartin.ch\/wp-content\/uploads\/2018\/07\/home-7-300x156.jpg 300w, https:\/\/gasthofstmartin.ch\/wp-content\/uploads\/2018\/07\/home-7-768x399.jpg 768w\" sizes=\"auto, (max-width: 769px) 100vw, 769px\" \/><\/div><\/div><div id=\"pgc-528-2-1\"  class=\"panel-grid-cell\" ><div id=\"panel-528-2-1-0\" class=\"so-panel widget widget_media_image panel-first-child panel-last-child\" data-index=\"5\" ><img loading=\"lazy\" decoding=\"async\" width=\"769\" height=\"400\" src=\"https:\/\/gasthofstmartin.ch\/wp-content\/uploads\/2018\/07\/home-1.jpg\" class=\"image wp-image-1888  attachment-full size-full\" alt=\"\" style=\"max-width: 100%; height: auto;\" srcset=\"https:\/\/gasthofstmartin.ch\/wp-content\/uploads\/2018\/07\/home-1.jpg 769w, https:\/\/gasthofstmartin.ch\/wp-content\/uploads\/2018\/07\/home-1-300x156.jpg 300w, https:\/\/gasthofstmartin.ch\/wp-content\/uploads\/2018\/07\/home-1-768x399.jpg 768w\" sizes=\"auto, (max-width: 769px) 100vw, 769px\" \/><\/div><\/div><\/div><\/div><\/div>","protected":false},"excerpt":{"rendered":"<p>Toni et Linda sont les g\u00e9rants du restaurant Gasthof St. Martin. Avec notre \u00e9quipe, nous essayons chaque jour de donner le meilleur de nous-m\u00eames, pour vous. Nous aimons le contact avec nos h\u00f4tes et il nous tient \u00e0 c\u0153ur de pouvoir les satisfaire pleinement.<\/p>","protected":false},"author":3,"featured_media":0,"parent":0,"menu_order":0,"comment_status":"closed","ping_status":"closed","template":"fullwidth.php","meta":{"footnotes":""},"class_list":["post-528","page","type-page","status-publish","hentry"],"_links":{"self":[{"href":"https:\/\/gasthofstmartin.ch\/fr\/wp-json\/wp\/v2\/pages\/528","targetHints":{"allow":["GET"]}}],"collection":[{"href":"https:\/\/gasthofstmartin.ch\/fr\/wp-json\/wp\/v2\/pages"}],"about":[{"href":"https:\/\/gasthofstmartin.ch\/fr\/wp-json\/wp\/v2\/types\/page"}],"author":[{"embeddable":true,"href":"https:\/\/gasthofstmartin.ch\/fr\/wp-json\/wp\/v2\/users\/3"}],"replies":[{"embeddable":true,"href":"https:\/\/gasthofstmartin.ch\/fr\/wp-json\/wp\/v2\/comments?post=528"}],"version-history":[{"count":63,"href":"https:\/\/gasthofstmartin.ch\/fr\/wp-json\/wp\/v2\/pages\/528\/revisions"}],"predecessor-version":[{"id":2374,"href":"https:\/\/gasthofstmartin.ch\/fr\/wp-json\/wp\/v2\/pages\/528\/revisions\/2374"}],"wp:attachment":[{"href":"https:\/\/gasthofstmartin.ch\/fr\/wp-json\/wp\/v2\/media?parent=528"}],"curies":[{"name":"wp","href":"https:\/\/api.w.org\/{rel}","templated":true}]}}