{"id":387,"date":"2018-01-26T07:24:44","date_gmt":"2018-01-26T07:24:44","guid":{"rendered":"https:\/\/gasthofstmartin.ch\/?page_id=387"},"modified":"2021-07-12T11:01:38","modified_gmt":"2021-07-12T11:01:38","slug":"tafers","status":"publish","type":"page","link":"https:\/\/gasthofstmartin.ch\/fr\/tafers\/","title":{"rendered":"Tavel"},"content":{"rendered":"<div id=\"pl-387\"  class=\"panel-layout\" ><div id=\"pg-387-0\"  class=\"panel-grid panel-has-style\" ><div class=\"siteorigin-panels-stretch panel-row-style panel-row-style-for-387-0\" data-stretch-type=\"full\" ><div id=\"pgc-387-0-0\"  class=\"panel-grid-cell\" ><div id=\"panel-387-0-0-0\" class=\"so-panel widget widget_sow-image panel-first-child\" data-index=\"0\" ><div class=\"wow fadeInUp panel-widget-style panel-widget-style-for-387-0-0-0\" data-wow-offset=\"10\" data-wow-iteration=\"1\" ><div\n\t\t\t\n\t\t\tclass=\"so-widget-sow-image so-widget-sow-image-default-c67d20f9f743-387\"\n\t\t\t\n\t\t>\n<div class=\"sow-image-container\">\n\t\t<img \n\tsrc=\"https:\/\/gasthofstmartin.ch\/wp-content\/uploads\/2018\/01\/crest-home-fr.png\" width=\"375\" height=\"281\" srcset=\"https:\/\/gasthofstmartin.ch\/wp-content\/uploads\/2018\/01\/crest-home-fr.png 375w, https:\/\/gasthofstmartin.ch\/wp-content\/uploads\/2018\/01\/crest-home-fr-300x225.png 300w\" sizes=\"(max-width: 375px) 100vw, 375px\" alt=\"\" \t\tclass=\"so-widget-image\"\/>\n\t<\/div>\n\n<\/div><\/div><\/div><div id=\"panel-387-0-0-1\" class=\"so-panel widget widget_sow-button panel-last-child\" data-index=\"1\" ><div class=\"panel-widget-style panel-widget-style-for-387-0-0-1\" ><div\n\t\t\t\n\t\t\tclass=\"so-widget-sow-button so-widget-sow-button-flat-8f08aee3addc-387\"\n\t\t\t\n\t\t><div class=\"ow-button-base ow-button-align-center\"\n>\n\t\t\t<a\n\t\t\t\t\thref=\"https:\/\/gasthofstmartin.ch\/fr\/online-tisch-reservieren\/\"\n\t\t\t\t\tclass=\"shadowbut sowb-button ow-icon-placement-left ow-button-hover\" \t>\n\t\t<span>\n\t\t\t\n\t\t\tR\u00e9server une table\t\t<\/span>\n\t\t\t<\/a>\n\t<\/div>\n<\/div><\/div><\/div><\/div><\/div><\/div><div id=\"pg-387-1\"  class=\"panel-grid panel-has-style\" ><div class=\"siteorigin-panels-stretch panel-row-style panel-row-style-for-387-1\" data-stretch-type=\"full\" ><div id=\"pgc-387-1-0\"  class=\"panel-grid-cell panel-grid-cell-empty\" ><\/div><div id=\"pgc-387-1-1\"  class=\"panel-grid-cell panel-grid-cell-mobile-last\" ><div id=\"textospecial\" class=\"panel-cell-style panel-cell-style-for-387-1-1\" ><div id=\"panel-387-1-1-0\" class=\"so-panel widget widget_sow-headline panel-first-child\" data-index=\"2\" ><div class=\"panel-widget-style panel-widget-style-for-387-1-1-0\" ><div\n\t\t\t\n\t\t\tclass=\"so-widget-sow-headline so-widget-sow-headline-default-2a697a5db0fb-387 so-widget-fittext-wrapper\"\n\t\t\t data-fit-text-compressor=\"0.85\"\n\t\t><div class=\"sow-headline-container\">\n\t\t\t\t\t\t\t<h1 class=\"sow-headline\">\n\t\t\t\t\t\tToni &amp; Linda vous souhaitent la bienvenue sur le site de Gasthof St.Martin.\t\t\t\t\t\t<\/h1>\n\t\t\t\t\t\t<\/div>\n<\/div><\/div><\/div><div id=\"panel-387-1-1-1\" class=\"so-panel widget widget_sow-editor panel-last-child\" data-index=\"3\" ><div\n\t\t\t\n\t\t\tclass=\"so-widget-sow-editor so-widget-sow-editor-base\"\n\t\t\t\n\t\t>\n<div class=\"siteorigin-widget-tinymce textwidget\">\n\t<h2 style=\"text-align: center;\"><span style=\"text-align: center;\">Toni et Linda vous souhaitent la bienvenue sur le site de Gasthof St.Martin. Un \u00e9tablissement charmant, situ\u00e9 au c\u0153ur de la ville de Tafers, dans le canton de Fribourg.<\/span><\/h2>\n<h2 style=\"text-align: center;\">Notre cuisine est principalement italienne et vous offre un large choix de p\u00e2tes, de pizzas au four \u00e0 bois, de plats de viande et de salades.<\/h2>\n<h2 style=\"text-align: center;\">Toute l'\u00e9quipe se fera un plaisir de rendre votre s\u00e9jour dans notre \u00e9tablissement agr\u00e9able et inoubliable.<\/h2>\n<\/div>\n<\/div><\/div><\/div><\/div><div id=\"pgc-387-1-2\"  class=\"panel-grid-cell panel-grid-cell-empty\" ><\/div><\/div><\/div><div id=\"pg-387-2\"  class=\"panel-grid panel-has-style\" ><div class=\"siteorigin-panels-stretch panel-row-style panel-row-style-for-387-2\" data-stretch-type=\"full\" ><div id=\"pgc-387-2-0\"  class=\"panel-grid-cell\" ><div id=\"panel-387-2-0-0\" class=\"so-panel widget widget_media_image panel-first-child panel-last-child\" data-index=\"4\" ><img loading=\"lazy\" decoding=\"async\" width=\"769\" height=\"400\" src=\"https:\/\/gasthofstmartin.ch\/wp-content\/uploads\/2018\/07\/home-6.jpg\" class=\"image wp-image-1876  attachment-full size-full\" alt=\"\" style=\"max-width: 100%; height: auto;\" srcset=\"https:\/\/gasthofstmartin.ch\/wp-content\/uploads\/2018\/07\/home-6.jpg 769w, https:\/\/gasthofstmartin.ch\/wp-content\/uploads\/2018\/07\/home-6-300x156.jpg 300w, https:\/\/gasthofstmartin.ch\/wp-content\/uploads\/2018\/07\/home-6-768x399.jpg 768w\" sizes=\"auto, (max-width: 769px) 100vw, 769px\" \/><\/div><\/div><div id=\"pgc-387-2-1\"  class=\"panel-grid-cell\" ><div id=\"panel-387-2-1-0\" class=\"so-panel widget widget_media_image panel-first-child panel-last-child\" data-index=\"5\" ><img loading=\"lazy\" decoding=\"async\" width=\"769\" height=\"400\" src=\"https:\/\/gasthofstmartin.ch\/wp-content\/uploads\/2018\/07\/home-5.jpg\" class=\"image wp-image-1877  attachment-full size-full\" alt=\"\" style=\"max-width: 100%; height: auto;\" srcset=\"https:\/\/gasthofstmartin.ch\/wp-content\/uploads\/2018\/07\/home-5.jpg 769w, https:\/\/gasthofstmartin.ch\/wp-content\/uploads\/2018\/07\/home-5-300x156.jpg 300w, https:\/\/gasthofstmartin.ch\/wp-content\/uploads\/2018\/07\/home-5-768x399.jpg 768w\" sizes=\"auto, (max-width: 769px) 100vw, 769px\" \/><\/div><\/div><\/div><\/div><div id=\"pg-387-3\"  class=\"panel-grid panel-has-style\" ><div class=\"siteorigin-panels-stretch panel-row-style panel-row-style-for-387-3\" data-stretch-type=\"full\" ><div id=\"pgc-387-3-0\"  class=\"panel-grid-cell\" ><div id=\"panel-387-3-0-0\" class=\"so-panel widget widget_media_image panel-first-child panel-last-child\" data-index=\"6\" ><img loading=\"lazy\" decoding=\"async\" width=\"769\" height=\"400\" src=\"https:\/\/gasthofstmartin.ch\/wp-content\/uploads\/2019\/07\/gasthof-st-martin-jardin-2.jpg\" class=\"image wp-image-1982  attachment-full size-full\" alt=\"\" style=\"max-width: 100%; height: auto;\" srcset=\"https:\/\/gasthofstmartin.ch\/wp-content\/uploads\/2019\/07\/gasthof-st-martin-jardin-2.jpg 769w, https:\/\/gasthofstmartin.ch\/wp-content\/uploads\/2019\/07\/gasthof-st-martin-jardin-2-300x156.jpg 300w, https:\/\/gasthofstmartin.ch\/wp-content\/uploads\/2019\/07\/gasthof-st-martin-jardin-2-768x399.jpg 768w\" sizes=\"auto, (max-width: 769px) 100vw, 769px\" \/><\/div><\/div><div id=\"pgc-387-3-1\"  class=\"panel-grid-cell\" ><div id=\"panel-387-3-1-0\" class=\"so-panel widget widget_media_image panel-first-child panel-last-child\" data-index=\"7\" ><img loading=\"lazy\" decoding=\"async\" width=\"769\" height=\"400\" src=\"https:\/\/gasthofstmartin.ch\/wp-content\/uploads\/2019\/07\/gasthof-st-martin-jardin-3.jpg\" class=\"image wp-image-1983  attachment-full size-full\" alt=\"\" style=\"max-width: 100%; height: auto;\" srcset=\"https:\/\/gasthofstmartin.ch\/wp-content\/uploads\/2019\/07\/gasthof-st-martin-jardin-3.jpg 769w, https:\/\/gasthofstmartin.ch\/wp-content\/uploads\/2019\/07\/gasthof-st-martin-jardin-3-300x156.jpg 300w, https:\/\/gasthofstmartin.ch\/wp-content\/uploads\/2019\/07\/gasthof-st-martin-jardin-3-768x399.jpg 768w\" sizes=\"auto, (max-width: 769px) 100vw, 769px\" \/><\/div><\/div><\/div><\/div><div id=\"pg-387-4\"  class=\"panel-grid panel-has-style\" ><div class=\"siteorigin-panels-stretch panel-row-style panel-row-style-for-387-4\" data-stretch-type=\"full\" ><div id=\"pgc-387-4-0\"  class=\"panel-grid-cell panel-grid-cell-empty\" ><\/div><div id=\"pgc-387-4-1\"  class=\"panel-grid-cell panel-grid-cell-mobile-last\" ><div id=\"panel-387-4-1-0\" class=\"so-panel widget widget_sow-button panel-first-child panel-last-child\" data-index=\"8\" ><div\n\t\t\t\n\t\t\tclass=\"so-widget-sow-button so-widget-sow-button-wire-db71d86e511e-387\"\n\t\t\t\n\t\t><div class=\"ow-button-base ow-button-align-center\"\n>\n\t\t\t<a\n\t\t\t\t\thref=\"https:\/\/gasthofstmartin.ch\/fr\/tour-3d\/\"\n\t\t\t\t\tclass=\"sowb-button ow-icon-placement-left ow-button-hover\" \t>\n\t\t<span>\n\t\t\t<span class=\"sow-icon-fontawesome sow-fas\" data-sow-icon=\"&#xf0a4;\"\n\t\tstyle=\"\" \n\t\taria-hidden=\"true\"><\/span>\n\t\t\tVisite virtuelle\t\t<\/span>\n\t\t\t<\/a>\n\t<\/div>\n<\/div><\/div><\/div><div id=\"pgc-387-4-2\"  class=\"panel-grid-cell panel-grid-cell-empty\" ><\/div><\/div><\/div><div id=\"pg-387-5\"  class=\"panel-grid panel-has-style\" ><div class=\"siteorigin-panels-stretch panel-row-style panel-row-style-for-387-5\" data-stretch-type=\"full\" ><div id=\"pgc-387-5-0\"  class=\"panel-grid-cell\" ><div id=\"panel-387-5-0-0\" class=\"so-panel widget widget_media_image panel-first-child panel-last-child\" data-index=\"9\" ><img loading=\"lazy\" decoding=\"async\" width=\"769\" height=\"400\" src=\"https:\/\/gasthofstmartin.ch\/wp-content\/uploads\/2020\/09\/gasthofstmartin-garten-4.jpg\" class=\"image wp-image-2040  attachment-full size-full\" alt=\"\" style=\"max-width: 100%; height: auto;\" srcset=\"https:\/\/gasthofstmartin.ch\/wp-content\/uploads\/2020\/09\/gasthofstmartin-garten-4.jpg 769w, https:\/\/gasthofstmartin.ch\/wp-content\/uploads\/2020\/09\/gasthofstmartin-garten-4-300x156.jpg 300w, https:\/\/gasthofstmartin.ch\/wp-content\/uploads\/2020\/09\/gasthofstmartin-garten-4-768x399.jpg 768w\" sizes=\"auto, (max-width: 769px) 100vw, 769px\" \/><\/div><\/div><div id=\"pgc-387-5-1\"  class=\"panel-grid-cell\" ><div id=\"panel-387-5-1-0\" class=\"so-panel widget widget_media_image panel-first-child panel-last-child\" data-index=\"10\" ><img loading=\"lazy\" decoding=\"async\" width=\"769\" height=\"400\" src=\"https:\/\/gasthofstmartin.ch\/wp-content\/uploads\/2020\/09\/gasthofstmartin-garten-2-1.jpg\" class=\"image wp-image-2038  attachment-full size-full\" alt=\"\" style=\"max-width: 100%; height: auto;\" srcset=\"https:\/\/gasthofstmartin.ch\/wp-content\/uploads\/2020\/09\/gasthofstmartin-garten-2-1.jpg 769w, https:\/\/gasthofstmartin.ch\/wp-content\/uploads\/2020\/09\/gasthofstmartin-garten-2-1-300x156.jpg 300w, https:\/\/gasthofstmartin.ch\/wp-content\/uploads\/2020\/09\/gasthofstmartin-garten-2-1-768x399.jpg 768w\" sizes=\"auto, (max-width: 769px) 100vw, 769px\" \/><\/div><\/div><\/div><\/div><div id=\"pg-387-6\"  class=\"panel-grid panel-has-style\" ><div class=\"siteorigin-panels-stretch panel-row-style panel-row-style-for-387-6\" data-stretch-type=\"full\" ><div id=\"pgc-387-6-0\"  class=\"panel-grid-cell\" ><div id=\"panel-387-6-0-0\" class=\"so-panel widget widget_media_image panel-first-child panel-last-child\" data-index=\"11\" ><img loading=\"lazy\" decoding=\"async\" width=\"769\" height=\"400\" src=\"https:\/\/gasthofstmartin.ch\/wp-content\/uploads\/2020\/09\/gasthofstmartin-garten-3-1.jpg\" class=\"image wp-image-2039  attachment-full size-full\" alt=\"\" style=\"max-width: 100%; height: auto;\" srcset=\"https:\/\/gasthofstmartin.ch\/wp-content\/uploads\/2020\/09\/gasthofstmartin-garten-3-1.jpg 769w, https:\/\/gasthofstmartin.ch\/wp-content\/uploads\/2020\/09\/gasthofstmartin-garten-3-1-300x156.jpg 300w, https:\/\/gasthofstmartin.ch\/wp-content\/uploads\/2020\/09\/gasthofstmartin-garten-3-1-768x399.jpg 768w\" sizes=\"auto, (max-width: 769px) 100vw, 769px\" \/><\/div><\/div><div id=\"pgc-387-6-1\"  class=\"panel-grid-cell\" ><div id=\"panel-387-6-1-0\" class=\"so-panel widget widget_media_image panel-first-child panel-last-child\" data-index=\"12\" ><img loading=\"lazy\" decoding=\"async\" width=\"769\" height=\"400\" src=\"https:\/\/gasthofstmartin.ch\/wp-content\/uploads\/2020\/09\/gasthofstmartin-garten-1-1.jpg\" class=\"image wp-image-2037  attachment-full size-full\" alt=\"\" style=\"max-width: 100%; height: auto;\" srcset=\"https:\/\/gasthofstmartin.ch\/wp-content\/uploads\/2020\/09\/gasthofstmartin-garten-1-1.jpg 769w, https:\/\/gasthofstmartin.ch\/wp-content\/uploads\/2020\/09\/gasthofstmartin-garten-1-1-300x156.jpg 300w, https:\/\/gasthofstmartin.ch\/wp-content\/uploads\/2020\/09\/gasthofstmartin-garten-1-1-768x399.jpg 768w\" sizes=\"auto, (max-width: 769px) 100vw, 769px\" \/><\/div><\/div><\/div><\/div><div id=\"pg-387-7\"  class=\"panel-grid panel-has-style\" ><div class=\"panel-row-style panel-row-style-for-387-7\" ><div id=\"pgc-387-7-0\"  class=\"panel-grid-cell\" ><div id=\"panel-387-7-0-0\" class=\"so-panel widget widget_sow-image panel-first-child\" data-index=\"13\" ><div class=\"panel-widget-style panel-widget-style-for-387-7-0-0\" ><div\n\t\t\t\n\t\t\tclass=\"so-widget-sow-image so-widget-sow-image-default-c67d20f9f743-387\"\n\t\t\t\n\t\t>\n<div class=\"sow-image-container\">\n\t\t\t<a href=\"http:\/\/wierseisler.ch\"\n\t\t\ttarget=\"_blank\" rel=\"noopener noreferrer\" \t\t>\n\t\t\t<img \n\tsrc=\"https:\/\/gasthofstmartin.ch\/wp-content\/uploads\/2018\/01\/wir_seisler_logo_xs.png\" width=\"150\" height=\"65\" sizes=\"(max-width: 150px) 100vw, 150px\" title=\"Partenaire\" alt=\"\" \t\tclass=\"so-widget-image\"\/>\n\t\t\t<\/a><\/div>\n\n<h3 class=\"widget-title\">Partenaire<\/h3><\/div><\/div><\/div><div id=\"panel-387-7-0-1\" class=\"so-panel widget widget_sow-image panel-last-child\" data-index=\"14\" ><div class=\"panel-widget-style panel-widget-style-for-387-7-0-1\" ><div\n\t\t\t\n\t\t\tclass=\"so-widget-sow-image so-widget-sow-image-default-c67d20f9f743-387\"\n\t\t\t\n\t\t>\n<div class=\"sow-image-container\">\n\t\t<img \n\tsrc=\"https:\/\/gasthofstmartin.ch\/wp-content\/uploads\/2018\/01\/deco.png\" width=\"117\" height=\"36\" sizes=\"(max-width: 117px) 100vw, 117px\" alt=\"\" \t\tclass=\"so-widget-image\"\/>\n\t<\/div>\n\n<\/div><\/div><\/div><\/div><\/div><\/div><\/div>","protected":false},"excerpt":{"rendered":"<p>Toni et Linda vous souhaitent la bienvenue sur le site de Gasthof St.Martin. Un \u00e9tablissement charmant, situ\u00e9 au c\u0153ur de la ville de Tafers, dans le canton de Fribourg. Notre cuisine est principalement italienne et vous offre un large choix de p\u00e2tes, de pizzas au four \u00e0 bois, de plats de viande et de salades. [&hellip;]<\/p>\n","protected":false},"author":3,"featured_media":0,"parent":0,"menu_order":0,"comment_status":"closed","ping_status":"closed","template":"fullwidth.php","meta":{"footnotes":""},"class_list":["post-387","page","type-page","status-publish","hentry"],"_links":{"self":[{"href":"https:\/\/gasthofstmartin.ch\/fr\/wp-json\/wp\/v2\/pages\/387","targetHints":{"allow":["GET"]}}],"collection":[{"href":"https:\/\/gasthofstmartin.ch\/fr\/wp-json\/wp\/v2\/pages"}],"about":[{"href":"https:\/\/gasthofstmartin.ch\/fr\/wp-json\/wp\/v2\/types\/page"}],"author":[{"embeddable":true,"href":"https:\/\/gasthofstmartin.ch\/fr\/wp-json\/wp\/v2\/users\/3"}],"replies":[{"embeddable":true,"href":"https:\/\/gasthofstmartin.ch\/fr\/wp-json\/wp\/v2\/comments?post=387"}],"version-history":[{"count":16,"href":"https:\/\/gasthofstmartin.ch\/fr\/wp-json\/wp\/v2\/pages\/387\/revisions"}],"predecessor-version":[{"id":2397,"href":"https:\/\/gasthofstmartin.ch\/fr\/wp-json\/wp\/v2\/pages\/387\/revisions\/2397"}],"wp:attachment":[{"href":"https:\/\/gasthofstmartin.ch\/fr\/wp-json\/wp\/v2\/media?parent=387"}],"curies":[{"name":"wp","href":"https:\/\/api.w.org\/{rel}","templated":true}]}}