{"id":10,"date":"2018-01-22T11:33:18","date_gmt":"2018-01-22T11:33:18","guid":{"rendered":"https:\/\/gasthofstmartin.ch\/?page_id=10"},"modified":"2021-07-12T11:01:09","modified_gmt":"2021-07-12T11:01:09","slug":"home","status":"publish","type":"page","link":"https:\/\/gasthofstmartin.ch\/fr\/","title":{"rendered":"Accueil"},"content":{"rendered":"<div id=\"pl-10\"  class=\"panel-layout\" ><div id=\"pg-10-0\"  class=\"panel-grid panel-has-style\" ><div class=\"paraheight siteorigin-panels-stretch panel-row-style panel-row-style-for-10-0\" data-stretch-type=\"full\" ><div id=\"pgc-10-0-0\"  class=\"panel-grid-cell\" ><div id=\"panel-10-0-0-0\" class=\"so-panel widget widget_sow-image panel-first-child\" data-index=\"0\" ><div class=\"wow bounceInDown panel-widget-style panel-widget-style-for-10-0-0-0\" data-wow-offset=\"10\" data-wow-iteration=\"1\" ><div\n\t\t\t\n\t\t\tclass=\"so-widget-sow-image so-widget-sow-image-default-c67d20f9f743-10\"\n\t\t\t\n\t\t>\n<div class=\"sow-image-container\">\n\t\t<img \n\tsrc=\"https:\/\/gasthofstmartin.ch\/wp-content\/uploads\/2018\/01\/crest-home.png\" width=\"375\" height=\"281\" srcset=\"https:\/\/gasthofstmartin.ch\/wp-content\/uploads\/2018\/01\/crest-home.png 375w, https:\/\/gasthofstmartin.ch\/wp-content\/uploads\/2018\/01\/crest-home-300x225.png 300w\" sizes=\"(max-width: 375px) 100vw, 375px\" alt=\"\" \t\tclass=\"so-widget-image\"\/>\n\t<\/div>\n\n<\/div><\/div><\/div><div id=\"panel-10-0-0-1\" class=\"so-panel widget widget_sow-button panel-last-child\" data-index=\"1\" ><div class=\"panel-widget-style panel-widget-style-for-10-0-0-1\" ><div\n\t\t\t\n\t\t\tclass=\"so-widget-sow-button so-widget-sow-button-flat-c576fd7de817-10\"\n\t\t\t\n\t\t><div class=\"ow-button-base ow-button-align-center\"\n>\n\t\t\t<a\n\t\t\t\t\thref=\"https:\/\/gasthofstmartin.ch\/fr\/online-tisch-reservieren\/\"\n\t\t\t\t\tclass=\"shadowbut sowb-button ow-icon-placement-left ow-button-hover\" \t>\n\t\t<span>\n\t\t\t\n\t\t\tR\u00e9server maintenant\t\t<\/span>\n\t\t\t<\/a>\n\t<\/div>\n<\/div><\/div><\/div><\/div><\/div><\/div><div id=\"pg-10-1\"  class=\"panel-grid panel-has-style\" ><div class=\"siteorigin-panels-stretch panel-row-style panel-row-style-for-10-1\" data-stretch-type=\"full\" ><div id=\"pgc-10-1-0\"  class=\"panel-grid-cell panel-grid-cell-empty\" ><\/div><div id=\"pgc-10-1-1\"  class=\"panel-grid-cell panel-grid-cell-mobile-last\" ><div id=\"textospecial\" class=\"panel-cell-style panel-cell-style-for-10-1-1\" ><div id=\"panel-10-1-1-0\" class=\"so-panel widget widget_sow-headline panel-first-child\" data-index=\"2\" ><div class=\"panel-widget-style panel-widget-style-for-10-1-1-0\" ><div\n\t\t\t\n\t\t\tclass=\"so-widget-sow-headline so-widget-sow-headline-default-d18108c1c6f4-10 so-widget-fittext-wrapper\"\n\t\t\t data-fit-text-compressor=\"0.85\"\n\t\t><div class=\"sow-headline-container\">\n\t\t\t\t\t\t\t<h1 class=\"sow-headline\">\n\t\t\t\t\t\tToni et Linda vous souhaitent la bienvenue sur le site web de l'auberge St.Martin.\t\t\t\t\t\t<\/h1>\n\t\t\t\t\t\t\t\t\t\t\t<div class=\"decoration\">\n\t\t\t\t\t\t<div class=\"decoration-inside\"><\/div>\n\t\t\t\t\t<\/div>\n\t\t\t\t\t<\/div>\n<\/div><\/div><\/div><div id=\"panel-10-1-1-1\" class=\"so-panel widget widget_sow-editor panel-last-child\" data-index=\"3\" ><div class=\"panel-widget-style panel-widget-style-for-10-1-1-1\" ><div\n\t\t\t\n\t\t\tclass=\"so-widget-sow-editor so-widget-sow-editor-base\"\n\t\t\t\n\t\t>\n<div class=\"siteorigin-widget-tinymce textwidget\">\n\t<h2 style=\"text-align: center;\">Toni et Linda vous souhaitent la bienvenue sur le site de l'auberge St-Martin. Un \u00e9tablissement de charme, situ\u00e9 au c\u0153ur de la ville de Tavel, dans le canton de Fribourg.<\/h2>\n<h2 style=\"text-align: center;\">Notre cuisine est principalement italienne et vous propose un grand choix de p\u00e2tes, de pizzas au feu de bois, de plats de viande et de salades.<\/h2>\n<h2 style=\"text-align: center;\">Toute l'\u00e9quipe se r\u00e9jouit de vous faire passer un s\u00e9jour agr\u00e9able et inoubliable dans notre \u00e9tablissement.<\/h2>\n<p>&nbsp;<\/p>\n<h3 style=\"text-align: center; color: #d32323;\"><\/h3>\n<\/div>\n<\/div><\/div><\/div><\/div><\/div><div id=\"pgc-10-1-2\"  class=\"panel-grid-cell panel-grid-cell-empty\" ><\/div><\/div><\/div><div id=\"pg-10-2\"  class=\"panel-grid panel-has-style\" ><div class=\"siteorigin-panels-stretch panel-row-style panel-row-style-for-10-2\" data-stretch-type=\"full\" ><div id=\"pgc-10-2-0\"  class=\"panel-grid-cell\" ><div id=\"panel-10-2-0-0\" class=\"so-panel widget widget_media_image panel-first-child panel-last-child\" data-index=\"4\" ><img loading=\"lazy\" decoding=\"async\" width=\"769\" height=\"400\" src=\"https:\/\/gasthofstmartin.ch\/wp-content\/uploads\/2018\/07\/home-6.jpg\" class=\"image wp-image-1876  attachment-full size-full\" alt=\"\" style=\"max-width: 100%; height: auto;\" srcset=\"https:\/\/gasthofstmartin.ch\/wp-content\/uploads\/2018\/07\/home-6.jpg 769w, https:\/\/gasthofstmartin.ch\/wp-content\/uploads\/2018\/07\/home-6-300x156.jpg 300w, https:\/\/gasthofstmartin.ch\/wp-content\/uploads\/2018\/07\/home-6-768x399.jpg 768w\" sizes=\"auto, (max-width: 769px) 100vw, 769px\" \/><\/div><\/div><div id=\"pgc-10-2-1\"  class=\"panel-grid-cell\" ><div id=\"panel-10-2-1-0\" class=\"so-panel widget widget_media_image panel-first-child panel-last-child\" data-index=\"5\" ><img loading=\"lazy\" decoding=\"async\" width=\"769\" height=\"400\" src=\"https:\/\/gasthofstmartin.ch\/wp-content\/uploads\/2018\/07\/home-5.jpg\" class=\"image wp-image-1877  attachment-full size-full\" alt=\"\" style=\"max-width: 100%; height: auto;\" srcset=\"https:\/\/gasthofstmartin.ch\/wp-content\/uploads\/2018\/07\/home-5.jpg 769w, https:\/\/gasthofstmartin.ch\/wp-content\/uploads\/2018\/07\/home-5-300x156.jpg 300w, https:\/\/gasthofstmartin.ch\/wp-content\/uploads\/2018\/07\/home-5-768x399.jpg 768w\" sizes=\"auto, (max-width: 769px) 100vw, 769px\" \/><\/div><\/div><\/div><\/div><div id=\"pg-10-3\"  class=\"panel-grid panel-has-style\" ><div class=\"siteorigin-panels-stretch panel-row-style panel-row-style-for-10-3\" data-stretch-type=\"full\" ><div id=\"pgc-10-3-0\"  class=\"panel-grid-cell\" ><div id=\"panel-10-3-0-0\" class=\"so-panel widget widget_media_image panel-first-child panel-last-child\" data-index=\"6\" ><img loading=\"lazy\" decoding=\"async\" width=\"769\" height=\"400\" src=\"https:\/\/gasthofstmartin.ch\/wp-content\/uploads\/2019\/07\/gasthof-st-martin-garten-2.jpg\" class=\"image wp-image-1941  attachment-full size-full\" alt=\"\" style=\"max-width: 100%; height: auto;\" srcset=\"https:\/\/gasthofstmartin.ch\/wp-content\/uploads\/2019\/07\/gasthof-st-martin-garten-2.jpg 769w, https:\/\/gasthofstmartin.ch\/wp-content\/uploads\/2019\/07\/gasthof-st-martin-garten-2-300x156.jpg 300w, https:\/\/gasthofstmartin.ch\/wp-content\/uploads\/2019\/07\/gasthof-st-martin-garten-2-768x399.jpg 768w\" sizes=\"auto, (max-width: 769px) 100vw, 769px\" \/><\/div><\/div><div id=\"pgc-10-3-1\"  class=\"panel-grid-cell\" ><div id=\"panel-10-3-1-0\" class=\"so-panel widget widget_media_image panel-first-child panel-last-child\" data-index=\"7\" ><img loading=\"lazy\" decoding=\"async\" width=\"769\" height=\"400\" src=\"https:\/\/gasthofstmartin.ch\/wp-content\/uploads\/2019\/07\/gasthof-st-martin-garten-3.jpg\" class=\"image wp-image-1942  attachment-full size-full\" alt=\"\" style=\"max-width: 100%; height: auto;\" srcset=\"https:\/\/gasthofstmartin.ch\/wp-content\/uploads\/2019\/07\/gasthof-st-martin-garten-3.jpg 769w, https:\/\/gasthofstmartin.ch\/wp-content\/uploads\/2019\/07\/gasthof-st-martin-garten-3-300x156.jpg 300w, https:\/\/gasthofstmartin.ch\/wp-content\/uploads\/2019\/07\/gasthof-st-martin-garten-3-768x399.jpg 768w\" sizes=\"auto, (max-width: 769px) 100vw, 769px\" \/><\/div><\/div><\/div><\/div><div id=\"pg-10-4\"  class=\"panel-grid panel-has-style\" ><div class=\"siteorigin-panels-stretch panel-row-style panel-row-style-for-10-4\" data-stretch-type=\"full\" ><div id=\"pgc-10-4-0\"  class=\"panel-grid-cell panel-grid-cell-empty\" ><\/div><div id=\"pgc-10-4-1\"  class=\"panel-grid-cell panel-grid-cell-mobile-last\" ><div id=\"panel-10-4-1-0\" class=\"so-panel widget widget_sow-button panel-first-child panel-last-child\" data-index=\"8\" ><div\n\t\t\t\n\t\t\tclass=\"so-widget-sow-button so-widget-sow-button-wire-db71d86e511e-10\"\n\t\t\t\n\t\t><div class=\"ow-button-base ow-button-align-center\"\n>\n\t\t\t<a\n\t\t\t\t\thref=\"https:\/\/gasthofstmartin.ch\/fr\/3d-tour\/\"\n\t\t\t\t\tclass=\"sowb-button ow-icon-placement-left ow-button-hover\" \t>\n\t\t<span>\n\t\t\t<span class=\"sow-icon-fontawesome sow-fas\" data-sow-icon=\"&#xf0a4;\"\n\t\tstyle=\"\" \n\t\taria-hidden=\"true\"><\/span>\n\t\t\tVisite virtuelle \u00e0 360\t\t<\/span>\n\t\t\t<\/a>\n\t<\/div>\n<\/div><\/div><\/div><div id=\"pgc-10-4-2\"  class=\"panel-grid-cell panel-grid-cell-empty\" ><\/div><\/div><\/div><div id=\"pg-10-5\"  class=\"panel-grid panel-has-style\" ><div class=\"siteorigin-panels-stretch panel-row-style panel-row-style-for-10-5\" data-stretch-type=\"full\" ><div id=\"pgc-10-5-0\"  class=\"panel-grid-cell\" ><div id=\"panel-10-5-0-0\" class=\"so-panel widget widget_media_image panel-first-child panel-last-child\" data-index=\"9\" ><img loading=\"lazy\" decoding=\"async\" width=\"769\" height=\"400\" src=\"https:\/\/gasthofstmartin.ch\/wp-content\/uploads\/2020\/09\/gasthofstmartin-garten.jpg\" class=\"image wp-image-2003  attachment-full size-full\" alt=\"\" style=\"max-width: 100%; height: auto;\" srcset=\"https:\/\/gasthofstmartin.ch\/wp-content\/uploads\/2020\/09\/gasthofstmartin-garten.jpg 769w, https:\/\/gasthofstmartin.ch\/wp-content\/uploads\/2020\/09\/gasthofstmartin-garten-300x156.jpg 300w, https:\/\/gasthofstmartin.ch\/wp-content\/uploads\/2020\/09\/gasthofstmartin-garten-768x399.jpg 768w\" sizes=\"auto, (max-width: 769px) 100vw, 769px\" \/><\/div><\/div><div id=\"pgc-10-5-1\"  class=\"panel-grid-cell\" ><div id=\"panel-10-5-1-0\" class=\"so-panel widget widget_media_image panel-first-child panel-last-child\" data-index=\"10\" ><img loading=\"lazy\" decoding=\"async\" width=\"769\" height=\"400\" src=\"https:\/\/gasthofstmartin.ch\/wp-content\/uploads\/2020\/09\/gasthofstmartin-garten-2.jpg\" class=\"image wp-image-2001  attachment-full size-full\" alt=\"\" style=\"max-width: 100%; height: auto;\" srcset=\"https:\/\/gasthofstmartin.ch\/wp-content\/uploads\/2020\/09\/gasthofstmartin-garten-2.jpg 769w, https:\/\/gasthofstmartin.ch\/wp-content\/uploads\/2020\/09\/gasthofstmartin-garten-2-300x156.jpg 300w, https:\/\/gasthofstmartin.ch\/wp-content\/uploads\/2020\/09\/gasthofstmartin-garten-2-768x399.jpg 768w\" sizes=\"auto, (max-width: 769px) 100vw, 769px\" \/><\/div><\/div><\/div><\/div><div id=\"pg-10-6\"  class=\"panel-grid panel-has-style\" ><div class=\"siteorigin-panels-stretch panel-row-style panel-row-style-for-10-6\" data-stretch-type=\"full\" ><div id=\"pgc-10-6-0\"  class=\"panel-grid-cell\" ><div id=\"panel-10-6-0-0\" class=\"so-panel widget widget_media_image panel-first-child panel-last-child\" data-index=\"11\" ><img loading=\"lazy\" decoding=\"async\" width=\"769\" height=\"400\" src=\"https:\/\/gasthofstmartin.ch\/wp-content\/uploads\/2020\/09\/gasthofstmartin-garten-3.jpg\" class=\"image wp-image-2002  attachment-full size-full\" alt=\"\" style=\"max-width: 100%; height: auto;\" srcset=\"https:\/\/gasthofstmartin.ch\/wp-content\/uploads\/2020\/09\/gasthofstmartin-garten-3.jpg 769w, https:\/\/gasthofstmartin.ch\/wp-content\/uploads\/2020\/09\/gasthofstmartin-garten-3-300x156.jpg 300w, https:\/\/gasthofstmartin.ch\/wp-content\/uploads\/2020\/09\/gasthofstmartin-garten-3-768x399.jpg 768w\" sizes=\"auto, (max-width: 769px) 100vw, 769px\" \/><\/div><\/div><div id=\"pgc-10-6-1\"  class=\"panel-grid-cell\" ><div id=\"panel-10-6-1-0\" class=\"so-panel widget widget_media_image panel-first-child panel-last-child\" data-index=\"12\" ><img loading=\"lazy\" decoding=\"async\" width=\"769\" height=\"400\" src=\"https:\/\/gasthofstmartin.ch\/wp-content\/uploads\/2020\/09\/gasthofstmartin-garten-1.jpg\" class=\"image wp-image-2000  attachment-full size-full\" alt=\"\" style=\"max-width: 100%; height: auto;\" srcset=\"https:\/\/gasthofstmartin.ch\/wp-content\/uploads\/2020\/09\/gasthofstmartin-garten-1.jpg 769w, https:\/\/gasthofstmartin.ch\/wp-content\/uploads\/2020\/09\/gasthofstmartin-garten-1-300x156.jpg 300w, https:\/\/gasthofstmartin.ch\/wp-content\/uploads\/2020\/09\/gasthofstmartin-garten-1-768x399.jpg 768w\" sizes=\"auto, (max-width: 769px) 100vw, 769px\" \/><\/div><\/div><\/div><\/div><div id=\"pg-10-7\"  class=\"panel-grid panel-has-style\" ><div class=\"panel-row-style panel-row-style-for-10-7\" ><div id=\"pgc-10-7-0\"  class=\"panel-grid-cell\" ><div id=\"panel-10-7-0-0\" class=\"so-panel widget widget_sow-image panel-first-child\" data-index=\"13\" ><div class=\"panel-widget-style panel-widget-style-for-10-7-0-0\" ><div\n\t\t\t\n\t\t\tclass=\"so-widget-sow-image so-widget-sow-image-default-c67d20f9f743-10\"\n\t\t\t\n\t\t>\n<div class=\"sow-image-container\">\n\t\t\t<a href=\"http:\/\/wierseisler.ch\"\n\t\t\ttarget=\"_blank\" rel=\"noopener noreferrer\" \t\t>\n\t\t\t<img \n\tsrc=\"https:\/\/gasthofstmartin.ch\/wp-content\/uploads\/2018\/01\/wir_seisler_logo_xs.png\" width=\"150\" height=\"65\" sizes=\"(max-width: 150px) 100vw, 150px\" title=\"Partenaire\" alt=\"\" \t\tclass=\"so-widget-image\"\/>\n\t\t\t<\/a><\/div>\n\n<h3 class=\"widget-title\">Partenaire<\/h3><\/div><\/div><\/div><div id=\"panel-10-7-0-1\" class=\"so-panel widget widget_sow-image panel-last-child\" data-index=\"14\" ><div class=\"panel-widget-style panel-widget-style-for-10-7-0-1\" ><div\n\t\t\t\n\t\t\tclass=\"so-widget-sow-image so-widget-sow-image-default-c67d20f9f743-10\"\n\t\t\t\n\t\t>\n<div class=\"sow-image-container\">\n\t\t<img \n\tsrc=\"https:\/\/gasthofstmartin.ch\/wp-content\/uploads\/2018\/01\/deco.png\" width=\"117\" height=\"36\" sizes=\"(max-width: 117px) 100vw, 117px\" alt=\"\" \t\tclass=\"so-widget-image\"\/>\n\t<\/div>\n\n<\/div><\/div><\/div><\/div><\/div><\/div><\/div>","protected":false},"excerpt":{"rendered":"<p>Toni und Linda heissen Sie herzlichst willkommen auf der Webseite des Gasthof St.Martin. Ein charmantes Etablissement, situiert im Herzen der Stadt Tafers, im Kanton Freiburg. Unsere K\u00fcche ist haupts\u00e4chlich italienisch und bietet Ihnen eine grosse Auswahl an Teigwaren, Holzofen-Pizzen, Fleischgerichten und Salaten. Das ganze Team freut sich, Ihnen einen angenehmen und unvergesslichen Aufenthalt in unserem [&hellip;]<\/p>\n","protected":false},"author":3,"featured_media":0,"parent":0,"menu_order":0,"comment_status":"closed","ping_status":"closed","template":"fullwidth.php","meta":{"footnotes":""},"class_list":["post-10","page","type-page","status-publish","hentry"],"_links":{"self":[{"href":"https:\/\/gasthofstmartin.ch\/fr\/wp-json\/wp\/v2\/pages\/10","targetHints":{"allow":["GET"]}}],"collection":[{"href":"https:\/\/gasthofstmartin.ch\/fr\/wp-json\/wp\/v2\/pages"}],"about":[{"href":"https:\/\/gasthofstmartin.ch\/fr\/wp-json\/wp\/v2\/types\/page"}],"author":[{"embeddable":true,"href":"https:\/\/gasthofstmartin.ch\/fr\/wp-json\/wp\/v2\/users\/3"}],"replies":[{"embeddable":true,"href":"https:\/\/gasthofstmartin.ch\/fr\/wp-json\/wp\/v2\/comments?post=10"}],"version-history":[{"count":11,"href":"https:\/\/gasthofstmartin.ch\/fr\/wp-json\/wp\/v2\/pages\/10\/revisions"}],"predecessor-version":[{"id":2395,"href":"https:\/\/gasthofstmartin.ch\/fr\/wp-json\/wp\/v2\/pages\/10\/revisions\/2395"}],"wp:attachment":[{"href":"https:\/\/gasthofstmartin.ch\/fr\/wp-json\/wp\/v2\/media?parent=10"}],"curies":[{"name":"wp","href":"https:\/\/api.w.org\/{rel}","templated":true}]}}